{"id":9331,"date":"2025-01-23T19:17:36","date_gmt":"2025-01-23T19:17:36","guid":{"rendered":"https:\/\/ef.brentech.co.zw\/le-recrutement\/"},"modified":"2025-01-23T19:26:47","modified_gmt":"2025-01-23T19:26:47","slug":"le-recrutement","status":"publish","type":"page","link":"https:\/\/ef.brentech.co.zw\/fr\/le-recrutement\/","title":{"rendered":"Le recrutement"},"content":{"rendered":"<p>[et_pb_section fb_built=\u00a0\u00bb1&Prime; theme_builder_area=\u00a0\u00bbpost_content\u00a0\u00bb _builder_version=\u00a0\u00bb4.27.4&Prime; _module_preset=\u00a0\u00bbdefault\u00a0\u00bb][et_pb_row _builder_version=\u00a0\u00bb4.27.4&Prime; _module_preset=\u00a0\u00bbdefault\u00a0\u00bb theme_builder_area=\u00a0\u00bbpost_content\u00a0\u00bb column_structure=\u00a0\u00bb1_2,1_2&Prime;][et_pb_column _builder_version=\u00a0\u00bb4.27.4&Prime; _module_preset=\u00a0\u00bbdefault\u00a0\u00bb type=\u00a0\u00bb1_2&Prime; theme_builder_area=\u00a0\u00bbpost_content\u00a0\u00bb][et_pb_text _builder_version=\u00a0\u00bb4.27.4&Prime; _module_preset=\u00a0\u00bbdefault\u00a0\u00bb theme_builder_area=\u00a0\u00bbpost_content\u00a0\u00bb header_3_font=\u00a0\u00bbPoppins|700|||||||\u00a0\u00bb header_3_text_color=\u00a0\u00bb#0C71C3&Prime; hover_enabled=\u00a0\u00bb0&Prime; sticky_enabled=\u00a0\u00bb0&Prime;]<\/p>\n<h3>International<\/h3>\n<p>[\/et_pb_text][et_pb_text _builder_version=\u00a0\u00bb4.27.4&Prime; _module_preset=\u00a0\u00bbdefault\u00a0\u00bb theme_builder_area=\u00a0\u00bbpost_content\u00a0\u00bb hover_enabled=\u00a0\u00bb0&Prime; sticky_enabled=\u00a0\u00bb0&Prime;]<\/p>\n<h3>POSTES A POURVOIR A LA RENTREE 2025 AU GROUPE SCOLAIRE JEAN DE LA FONTAINE (HARARE)<\/h3>\n<ul>\n<li>Candidature avant le 31 janvier 2025<br \/><strong>N\u00b0 de poste : 14198<\/strong> <br \/>Type de poste : 1er degr\u00e9 <br \/>Fonction : Enseignant 1er degr\u00e9 <br \/>\u00c9tat du poste : A pouvoir pour la rentr\u00e9e 2025\/2026<\/li>\n<\/ul>\n<p>&nbsp;<\/p>\n<ul>\n<li><strong>N\u00b0 de poste : 13834<\/strong> <br \/>Type de poste : 2d degr\u00e9 <br \/>Fonction : Enseignant 2d degr\u00e9 <br \/>Discipline : Lettres <br \/>\u00c9tat du poste : A pouvoir pour la rentr\u00e9e 2025\/2026<\/li>\n<\/ul>\n<p>Les candidatures devront \u00eatre adress\u00e9es \u00e0 secretariat@ef.brentech.co.zw<\/p>\n<p>[\/et_pb_text][\/et_pb_column][et_pb_column _builder_version=\u00a0\u00bb4.27.4&Prime; _module_preset=\u00a0\u00bbdefault\u00a0\u00bb type=\u00a0\u00bb1_2&Prime; theme_builder_area=\u00a0\u00bbpost_content\u00a0\u00bb][et_pb_text _builder_version=\u00a0\u00bb4.27.4&Prime; _module_preset=\u00a0\u00bbdefault\u00a0\u00bb theme_builder_area=\u00a0\u00bbpost_content\u00a0\u00bb header_3_font=\u00a0\u00bbPoppins|700|||||||\u00a0\u00bb header_3_text_color=\u00a0\u00bb#0C71C3&Prime; hover_enabled=\u00a0\u00bb0&Prime; sticky_enabled=\u00a0\u00bb0&Prime;]<\/p>\n<h3>Local<\/h3>\n<p>[\/et_pb_text][\/et_pb_column][\/et_pb_row][\/et_pb_section]<\/p>\n","protected":false},"excerpt":{"rendered":"<p>InternationalPOSTES A POURVOIR A LA RENTREE 2025 AU GROUPE SCOLAIRE JEAN DE LA FONTAINE (HARARE) Candidature avant le 31 janvier 2025N\u00b0 de poste : 14198 Type de poste : 1er degr\u00e9 Fonction : Enseignant 1er degr\u00e9 \u00c9tat du poste : A pouvoir pour la rentr\u00e9e 2025\/2026 &nbsp; N\u00b0 de poste : 13834 Type de poste [&hellip;]<\/p>\n","protected":false},"author":7,"featured_media":0,"parent":0,"menu_order":0,"comment_status":"closed","ping_status":"closed","template":"","meta":{"_et_pb_use_builder":"on","_et_pb_old_content":"","_et_gb_content_width":"","footnotes":""},"class_list":["post-9331","page","type-page","status-publish","hentry"],"_links":{"self":[{"href":"https:\/\/ef.brentech.co.zw\/fr\/wp-json\/wp\/v2\/pages\/9331","targetHints":{"allow":["GET"]}}],"collection":[{"href":"https:\/\/ef.brentech.co.zw\/fr\/wp-json\/wp\/v2\/pages"}],"about":[{"href":"https:\/\/ef.brentech.co.zw\/fr\/wp-json\/wp\/v2\/types\/page"}],"author":[{"embeddable":true,"href":"https:\/\/ef.brentech.co.zw\/fr\/wp-json\/wp\/v2\/users\/7"}],"replies":[{"embeddable":true,"href":"https:\/\/ef.brentech.co.zw\/fr\/wp-json\/wp\/v2\/comments?post=9331"}],"version-history":[{"count":6,"href":"https:\/\/ef.brentech.co.zw\/fr\/wp-json\/wp\/v2\/pages\/9331\/revisions"}],"predecessor-version":[{"id":9344,"href":"https:\/\/ef.brentech.co.zw\/fr\/wp-json\/wp\/v2\/pages\/9331\/revisions\/9344"}],"wp:attachment":[{"href":"https:\/\/ef.brentech.co.zw\/fr\/wp-json\/wp\/v2\/media?parent=9331"}],"curies":[{"name":"wp","href":"https:\/\/api.w.org\/{rel}","templated":true}]}}